{"id":2218,"date":"2023-06-01T16:12:27","date_gmt":"2023-06-01T14:12:27","guid":{"rendered":"https:\/\/www.abbayedereigny.com\/request-a-quote-fr\/"},"modified":"2025-09-30T10:28:37","modified_gmt":"2025-09-30T08:28:37","slug":"request-a-quote","status":"publish","type":"page","link":"https:\/\/www.abbayedereigny.com\/en\/request-a-quote\/","title":{"rendered":"Request a quote"},"content":{"rendered":"<p>[et_pb_section fb_built=&#8221;1&#8243; _builder_version=&#8221;4.21.0&#8243; _module_preset=&#8221;default&#8221; global_colors_info=&#8221;{}&#8221;][et_pb_row column_structure=&#8221;1_4,3_4&#8243; _builder_version=&#8221;4.21.0&#8243; _module_preset=&#8221;default&#8221; global_colors_info=&#8221;{}&#8221;][et_pb_column type=&#8221;1_4&#8243; _builder_version=&#8221;4.21.0&#8243; _module_preset=&#8221;default&#8221; global_colors_info=&#8221;{}&#8221;][et_pb_image src=&#8221;https:\/\/www.abbayedereigny.com\/wp-content\/uploads\/2022\/03\/Abbaye-Reigny-blasontexte.png&#8221; title_text=&#8221;Abbaye Reigny&#8221; _builder_version=&#8221;4.21.0&#8243; _module_preset=&#8221;default&#8221; custom_padding=&#8221;69px|||||&#8221; global_colors_info=&#8221;{}&#8221;][\/et_pb_image][\/et_pb_column][et_pb_column type=&#8221;3_4&#8243; _builder_version=&#8221;4.21.0&#8243; _module_preset=&#8221;default&#8221; global_colors_info=&#8221;{}&#8221;][et_pb_image src=&#8221;https:\/\/www.abbayedereigny.com\/wp-content\/uploads\/2022\/03\/seminaire.jpg&#8221; title_text=&#8221;Abbaye Reigny&#8221; _builder_version=&#8221;4.21.0&#8243; _module_preset=&#8221;default&#8221; global_colors_info=&#8221;{}&#8221;][\/et_pb_image][\/et_pb_column][\/et_pb_row][et_pb_row _builder_version=&#8221;4.21.0&#8243; _module_preset=&#8221;default&#8221; global_colors_info=&#8221;{}&#8221;][et_pb_column type=&#8221;4_4&#8243; _builder_version=&#8221;4.21.0&#8243; _module_preset=&#8221;default&#8221; global_colors_info=&#8221;{}&#8221;][et_pb_contact_form use_spam_service=&#8221;on&#8221; recaptcha_list=&#8221;Abbaye de Reigny|Abbaye de Reigny-0&#8243; email=&#8221;abbayedereigny@orange.fr,francoise@bernerd.com&#8221; title=&#8221;Request for information &#8211; quote&#8221; custom_message=&#8221;Request from the Abbey website||et_pb_line_break_holder||||et_pb_line_break_holder||Name: %%name%%||et_pb_line_break_holder||First name: %%firstname%%||et_pb_line_break_holder||Company: %%company%%||et_pb_line_break_holder||Address: %%address%%||et_pb_line_break_holder||CP: %%cp%% City: %%city%%||et_pb_line_break_holder||Email: %%email%%||et_pb_line_break_holder||Telephone: %%phone%%||et_pb_line_break_holder||||et_pb_line_break_holder||The request is for : %%request%%||et_pb_line_break_holder||Date: %%date%%||et_pb_line_break_holder||Number of people: %%nbdepersonne%%||et_pb_line_break_holder||||et_pb_line_break_holder||Message: ||et_pb_line_break_holder||%%message%%&#8221; success_message=&#8221;Your message has been sent. Thank you for your request for information or quote&#8221; submit_button_text=&#8221;Send&#8221; module_id=&#8221;et_pb_contact_form_0&#8243; _builder_version=&#8221;4.27.4&#8243; _module_preset=&#8221;default&#8221; _unique_id=&#8221;d2729024-01d8-463d-96d8-885a7a1af08a&#8221; form_field_custom_padding=&#8221;10px||10px||false|false&#8221; title_text_color=&#8221;#FFFFFF&#8221; captcha_font=&#8221;|700|||||||&#8221; captcha_text_color=&#8221;#ffffff&#8221; captcha_font_size=&#8221;20px&#8221; custom_button=&#8221;on&#8221; button_text_size=&#8221;23px&#8221; button_text_color=&#8221;#11223A&#8221; button_bg_color=&#8221;#ffffff&#8221; button_border_width=&#8221;1px&#8221; button_border_radius=&#8221;0px&#8221; button_font=&#8221;Cormorant Garamond|700|||||||&#8221; button_icon_color=&#8221;#FFFFFF&#8221; custom_margin=&#8221;0px||0px||false|false&#8221; custom_padding=&#8221;0px||0px||false|false&#8221; hover_enabled=&#8221;0&#8243; global_colors_info=&#8221;{}&#8221; sticky_enabled=&#8221;0&#8243;][et_pb_contact_field field_id=&#8221;name&#8221; field_title=&#8221;Name&#8221; _builder_version=&#8221;4.27.4&#8243; hover_enabled=&#8221;0&#8243; global_colors_info=&#8221;{}&#8221; button_text_size__hover_enabled=&#8221;off&#8221; button_one_text_size__hover_enabled=&#8221;off&#8221; button_two_text_size__hover_enabled=&#8221;off&#8221; button_text_color__hover_enabled=&#8221;off&#8221; button_one_text_color__hover_enabled=&#8221;off&#8221; button_two_text_color__hover_enabled=&#8221;off&#8221; button_border_width__hover_enabled=&#8221;off&#8221; button_one_border_width__hover_enabled=&#8221;off&#8221; button_two_border_width__hover_enabled=&#8221;off&#8221; button_border_color__hover_enabled=&#8221;off&#8221; button_one_border_color__hover_enabled=&#8221;off&#8221; button_two_border_color__hover_enabled=&#8221;off&#8221; button_border_radius__hover_enabled=&#8221;off&#8221; button_one_border_radius__hover_enabled=&#8221;off&#8221; button_two_border_radius__hover_enabled=&#8221;off&#8221; button_letter_spacing__hover_enabled=&#8221;off&#8221; button_one_letter_spacing__hover_enabled=&#8221;off&#8221; button_two_letter_spacing__hover_enabled=&#8221;off&#8221; button_bg_color__hover_enabled=&#8221;off&#8221; button_one_bg_color__hover_enabled=&#8221;off&#8221; button_two_bg_color__hover_enabled=&#8221;off&#8221; sticky_enabled=&#8221;0&#8243;][\/et_pb_contact_field][et_pb_contact_field field_id=&#8221;firstname&#8221; field_title=&#8221;First name&#8221; _builder_version=&#8221;4.27.4&#8243; _module_preset=&#8221;default&#8221; hover_enabled=&#8221;0&#8243; global_colors_info=&#8221;{}&#8221; sticky_enabled=&#8221;0&#8243;][\/et_pb_contact_field][et_pb_contact_field field_id=&#8221;company&#8221; field_title=&#8221;Company&#8221; required_mark=&#8221;off&#8221; _builder_version=&#8221;4.27.4&#8243; _module_preset=&#8221;default&#8221; hover_enabled=&#8221;0&#8243; global_colors_info=&#8221;{}&#8221; sticky_enabled=&#8221;0&#8243;][\/et_pb_contact_field][et_pb_contact_field field_id=&#8221;address&#8221; field_title=&#8221;Address&#8221; _builder_version=&#8221;4.27.4&#8243; _module_preset=&#8221;default&#8221; hover_enabled=&#8221;0&#8243; global_colors_info=&#8221;{}&#8221; sticky_enabled=&#8221;0&#8243;][\/et_pb_contact_field][et_pb_contact_field field_id=&#8221;cp&#8221; field_title=&#8221;Postal code&#8221; _builder_version=&#8221;4.27.4&#8243; _module_preset=&#8221;default&#8221; hover_enabled=&#8221;0&#8243; global_colors_info=&#8221;{}&#8221; sticky_enabled=&#8221;0&#8243;][\/et_pb_contact_field][et_pb_contact_field field_id=&#8221;city&#8221; field_title=&#8221;City&#8221; _builder_version=&#8221;4.27.4&#8243; _module_preset=&#8221;default&#8221; hover_enabled=&#8221;0&#8243; global_colors_info=&#8221;{}&#8221; sticky_enabled=&#8221;0&#8243;][\/et_pb_contact_field][et_pb_contact_field field_id=&#8221;phone&#8221; field_title=&#8221;Phone&#8221; _builder_version=&#8221;4.27.4&#8243; _module_preset=&#8221;default&#8221; hover_enabled=&#8221;0&#8243; global_colors_info=&#8221;{}&#8221; sticky_enabled=&#8221;0&#8243;][\/et_pb_contact_field][et_pb_contact_field field_id=&#8221;email&#8221; field_title=&#8221;E-mail address&#8221; field_type=&#8221;email&#8221; _builder_version=&#8221;4.27.4&#8243; hover_enabled=&#8221;0&#8243; global_colors_info=&#8221;{}&#8221; button_text_size__hover_enabled=&#8221;off&#8221; button_one_text_size__hover_enabled=&#8221;off&#8221; button_two_text_size__hover_enabled=&#8221;off&#8221; button_text_color__hover_enabled=&#8221;off&#8221; button_one_text_color__hover_enabled=&#8221;off&#8221; button_two_text_color__hover_enabled=&#8221;off&#8221; button_border_width__hover_enabled=&#8221;off&#8221; button_one_border_width__hover_enabled=&#8221;off&#8221; button_two_border_width__hover_enabled=&#8221;off&#8221; button_border_color__hover_enabled=&#8221;off&#8221; button_one_border_color__hover_enabled=&#8221;off&#8221; button_two_border_color__hover_enabled=&#8221;off&#8221; button_border_radius__hover_enabled=&#8221;off&#8221; button_one_border_radius__hover_enabled=&#8221;off&#8221; button_two_border_radius__hover_enabled=&#8221;off&#8221; button_letter_spacing__hover_enabled=&#8221;off&#8221; button_one_letter_spacing__hover_enabled=&#8221;off&#8221; button_two_letter_spacing__hover_enabled=&#8221;off&#8221; button_bg_color__hover_enabled=&#8221;off&#8221; button_one_bg_color__hover_enabled=&#8221;off&#8221; button_two_bg_color__hover_enabled=&#8221;off&#8221; sticky_enabled=&#8221;0&#8243;][\/et_pb_contact_field][et_pb_contact_field field_id=&#8221;request&#8221; field_title=&#8221;Choice of your request&#8221; field_type=&#8221;select&#8221; select_options=&#8221;%91{%22value%22:%22Wedding reservation%22,%22checked%22:0,%22dragID%22:-1},{%22value%22:%22Seminar reservation%22,%22checked%22:0,%22dragID%22:0},{%22value%22:%22Reservation for your stay%22,%22checked%22:0,%22dragID%22:1},{%22value%22:%22Visit of the Abbey%22,%22checked%22:0,%22dragID%22:2},{%22value%22:%22The friends of Reigny%22,%22checked%22:0,%22dragID%22:3},{%22value%22:%22Other%22,%22checked%22:0,%22dragID%22:5}%93&#8243; _builder_version=&#8221;4.27.4&#8243; _module_preset=&#8221;default&#8221; hover_enabled=&#8221;0&#8243; global_colors_info=&#8221;{}&#8221; sticky_enabled=&#8221;0&#8243;][\/et_pb_contact_field][et_pb_contact_field field_id=&#8221;date&#8221; field_title=&#8221;Planned date&#8221; _builder_version=&#8221;4.27.4&#8243; _module_preset=&#8221;default&#8221; hover_enabled=&#8221;0&#8243; global_colors_info=&#8221;{}&#8221; sticky_enabled=&#8221;0&#8243;][\/et_pb_contact_field][et_pb_contact_field field_id=&#8221;nbdepersonne&#8221; field_title=&#8221;Number of people&#8221; _builder_version=&#8221;4.27.4&#8243; _module_preset=&#8221;default&#8221; hover_enabled=&#8221;0&#8243; global_colors_info=&#8221;{}&#8221; sticky_enabled=&#8221;0&#8243;][\/et_pb_contact_field][et_pb_contact_field field_id=&#8221;message&#8221; field_title=&#8221;Message&#8221; field_type=&#8221;text&#8221; required_mark=&#8221;off&#8221; _builder_version=&#8221;4.27.4&#8243; hover_enabled=&#8221;0&#8243; global_colors_info=&#8221;{}&#8221; button_text_size__hover_enabled=&#8221;off&#8221; button_one_text_size__hover_enabled=&#8221;off&#8221; button_two_text_size__hover_enabled=&#8221;off&#8221; button_text_color__hover_enabled=&#8221;off&#8221; button_one_text_color__hover_enabled=&#8221;off&#8221; button_two_text_color__hover_enabled=&#8221;off&#8221; button_border_width__hover_enabled=&#8221;off&#8221; button_one_border_width__hover_enabled=&#8221;off&#8221; button_two_border_width__hover_enabled=&#8221;off&#8221; button_border_color__hover_enabled=&#8221;off&#8221; button_one_border_color__hover_enabled=&#8221;off&#8221; button_two_border_color__hover_enabled=&#8221;off&#8221; button_border_radius__hover_enabled=&#8221;off&#8221; button_one_border_radius__hover_enabled=&#8221;off&#8221; button_two_border_radius__hover_enabled=&#8221;off&#8221; button_letter_spacing__hover_enabled=&#8221;off&#8221; button_one_letter_spacing__hover_enabled=&#8221;off&#8221; button_two_letter_spacing__hover_enabled=&#8221;off&#8221; button_bg_color__hover_enabled=&#8221;off&#8221; button_one_bg_color__hover_enabled=&#8221;off&#8221; button_two_bg_color__hover_enabled=&#8221;off&#8221; sticky_enabled=&#8221;0&#8243;][\/et_pb_contact_field][\/et_pb_contact_form][\/et_pb_column][\/et_pb_row][\/et_pb_section]<\/p>\n","protected":false},"excerpt":{"rendered":"","protected":false},"author":3,"featured_media":0,"parent":0,"menu_order":0,"comment_status":"closed","ping_status":"closed","template":"","meta":{"_et_pb_use_builder":"on","_et_pb_old_content":"","_et_gb_content_width":"","footnotes":""},"class_list":["post-2218","page","type-page","status-publish","hentry"],"yoast_head":"<!-- This site is optimized with the Yoast SEO plugin v27.2 - https:\/\/yoast.com\/product\/yoast-seo-wordpress\/ -->\n<title>Request a quote - Abbaye de Reigny - Mariage, Wedding, r\u00e9ception, s\u00e9minaire avec h\u00e9bergement en Bourgogne, Burgundy, France<\/title>\n<meta name=\"robots\" content=\"index, follow, max-snippet:-1, max-image-preview:large, max-video-preview:-1\" \/>\n<link rel=\"canonical\" href=\"https:\/\/www.abbayedereigny.com\/en\/request-a-quote\/\" \/>\n<meta property=\"og:locale\" content=\"en_US\" \/>\n<meta property=\"og:type\" content=\"article\" \/>\n<meta property=\"og:title\" content=\"Request a quote - Abbaye de Reigny - Mariage, Wedding, r\u00e9ception, s\u00e9minaire avec h\u00e9bergement en Bourgogne, Burgundy, France\" \/>\n<meta property=\"og:url\" content=\"https:\/\/www.abbayedereigny.com\/en\/request-a-quote\/\" \/>\n<meta property=\"og:site_name\" content=\"Abbaye de Reigny - Mariage, Wedding, r\u00e9ception, s\u00e9minaire avec h\u00e9bergement en Bourgogne, Burgundy, France\" \/>\n<meta property=\"article:publisher\" content=\"https:\/\/www.facebook.com\/abbaye.dereigny\" \/>\n<meta property=\"article:modified_time\" content=\"2025-09-30T08:28:37+00:00\" \/>\n<meta name=\"twitter:card\" content=\"summary_large_image\" \/>\n<meta name=\"twitter:site\" content=\"@AbbayeDeReigny\" \/>\n<meta name=\"twitter:label1\" content=\"Est. reading time\" \/>\n\t<meta name=\"twitter:data1\" content=\"6 minutes\" \/>\n<script type=\"application\/ld+json\" class=\"yoast-schema-graph\">{\"@context\":\"https:\/\/schema.org\",\"@graph\":[{\"@type\":\"WebPage\",\"@id\":\"https:\/\/www.abbayedereigny.com\/en\/request-a-quote\/\",\"url\":\"https:\/\/www.abbayedereigny.com\/en\/request-a-quote\/\",\"name\":\"Request a quote - Abbaye de Reigny - Mariage, Wedding, r\u00e9ception, s\u00e9minaire avec h\u00e9bergement en Bourgogne, Burgundy, France\",\"isPartOf\":{\"@id\":\"https:\/\/www.abbayedereigny.com\/en\/#website\"},\"datePublished\":\"2023-06-01T14:12:27+00:00\",\"dateModified\":\"2025-09-30T08:28:37+00:00\",\"breadcrumb\":{\"@id\":\"https:\/\/www.abbayedereigny.com\/en\/request-a-quote\/#breadcrumb\"},\"inLanguage\":\"en-US\",\"potentialAction\":[{\"@type\":\"ReadAction\",\"target\":[\"https:\/\/www.abbayedereigny.com\/en\/request-a-quote\/\"]}]},{\"@type\":\"BreadcrumbList\",\"@id\":\"https:\/\/www.abbayedereigny.com\/en\/request-a-quote\/#breadcrumb\",\"itemListElement\":[{\"@type\":\"ListItem\",\"position\":1,\"name\":\"Accueil\",\"item\":\"https:\/\/www.abbayedereigny.com\/en\/abbey-of-reigny-2\/\"},{\"@type\":\"ListItem\",\"position\":2,\"name\":\"Request a quote\"}]},{\"@type\":\"WebSite\",\"@id\":\"https:\/\/www.abbayedereigny.com\/en\/#website\",\"url\":\"https:\/\/www.abbayedereigny.com\/en\/\",\"name\":\"Abbaye de Reigny - Mariage, Wedding, r\u00e9ception, s\u00e9minaire avec h\u00e9bergement en Bourgogne, Burgundy, France\",\"description\":\"Mariage, Wedding, r\u00e9ception s\u00e9minaires, h\u00e9bergement dans l&#039;Yonne, France\",\"publisher\":{\"@id\":\"https:\/\/www.abbayedereigny.com\/en\/#organization\"},\"potentialAction\":[{\"@type\":\"SearchAction\",\"target\":{\"@type\":\"EntryPoint\",\"urlTemplate\":\"https:\/\/www.abbayedereigny.com\/en\/?s={search_term_string}\"},\"query-input\":{\"@type\":\"PropertyValueSpecification\",\"valueRequired\":true,\"valueName\":\"search_term_string\"}}],\"inLanguage\":\"en-US\"},{\"@type\":\"Organization\",\"@id\":\"https:\/\/www.abbayedereigny.com\/en\/#organization\",\"name\":\"Abbaye de Reigny - Mariage, Wedding, r\u00e9ception, s\u00e9minaire avec h\u00e9bergement en Bourgogne, Burgundy, France\",\"url\":\"https:\/\/www.abbayedereigny.com\/en\/\",\"logo\":{\"@type\":\"ImageObject\",\"inLanguage\":\"en-US\",\"@id\":\"https:\/\/www.abbayedereigny.com\/en\/#\/schema\/logo\/image\/\",\"url\":\"https:\/\/www.abbayedereigny.com\/wp-content\/uploads\/2022\/03\/Abbaye-Reigny-blasontexte.png\",\"contentUrl\":\"https:\/\/www.abbayedereigny.com\/wp-content\/uploads\/2022\/03\/Abbaye-Reigny-blasontexte.png\",\"width\":374,\"height\":150,\"caption\":\"Abbaye de Reigny - Mariage, Wedding, r\u00e9ception, s\u00e9minaire avec h\u00e9bergement en Bourgogne, Burgundy, France\"},\"image\":{\"@id\":\"https:\/\/www.abbayedereigny.com\/en\/#\/schema\/logo\/image\/\"},\"sameAs\":[\"https:\/\/www.facebook.com\/abbaye.dereigny\",\"https:\/\/x.com\/AbbayeDeReigny\"]}]}<\/script>\n<!-- \/ Yoast SEO plugin. -->","yoast_head_json":{"title":"Request a quote - Abbaye de Reigny - Mariage, Wedding, r\u00e9ception, s\u00e9minaire avec h\u00e9bergement en Bourgogne, Burgundy, France","robots":{"index":"index","follow":"follow","max-snippet":"max-snippet:-1","max-image-preview":"max-image-preview:large","max-video-preview":"max-video-preview:-1"},"canonical":"https:\/\/www.abbayedereigny.com\/en\/request-a-quote\/","og_locale":"en_US","og_type":"article","og_title":"Request a quote - Abbaye de Reigny - Mariage, Wedding, r\u00e9ception, s\u00e9minaire avec h\u00e9bergement en Bourgogne, Burgundy, France","og_url":"https:\/\/www.abbayedereigny.com\/en\/request-a-quote\/","og_site_name":"Abbaye de Reigny - Mariage, Wedding, r\u00e9ception, s\u00e9minaire avec h\u00e9bergement en Bourgogne, Burgundy, France","article_publisher":"https:\/\/www.facebook.com\/abbaye.dereigny","article_modified_time":"2025-09-30T08:28:37+00:00","twitter_card":"summary_large_image","twitter_site":"@AbbayeDeReigny","twitter_misc":{"Est. reading time":"6 minutes"},"schema":{"@context":"https:\/\/schema.org","@graph":[{"@type":"WebPage","@id":"https:\/\/www.abbayedereigny.com\/en\/request-a-quote\/","url":"https:\/\/www.abbayedereigny.com\/en\/request-a-quote\/","name":"Request a quote - Abbaye de Reigny - Mariage, Wedding, r\u00e9ception, s\u00e9minaire avec h\u00e9bergement en Bourgogne, Burgundy, France","isPartOf":{"@id":"https:\/\/www.abbayedereigny.com\/en\/#website"},"datePublished":"2023-06-01T14:12:27+00:00","dateModified":"2025-09-30T08:28:37+00:00","breadcrumb":{"@id":"https:\/\/www.abbayedereigny.com\/en\/request-a-quote\/#breadcrumb"},"inLanguage":"en-US","potentialAction":[{"@type":"ReadAction","target":["https:\/\/www.abbayedereigny.com\/en\/request-a-quote\/"]}]},{"@type":"BreadcrumbList","@id":"https:\/\/www.abbayedereigny.com\/en\/request-a-quote\/#breadcrumb","itemListElement":[{"@type":"ListItem","position":1,"name":"Accueil","item":"https:\/\/www.abbayedereigny.com\/en\/abbey-of-reigny-2\/"},{"@type":"ListItem","position":2,"name":"Request a quote"}]},{"@type":"WebSite","@id":"https:\/\/www.abbayedereigny.com\/en\/#website","url":"https:\/\/www.abbayedereigny.com\/en\/","name":"Abbaye de Reigny - Mariage, Wedding, r\u00e9ception, s\u00e9minaire avec h\u00e9bergement en Bourgogne, Burgundy, France","description":"Mariage, Wedding, r\u00e9ception s\u00e9minaires, h\u00e9bergement dans l&#039;Yonne, France","publisher":{"@id":"https:\/\/www.abbayedereigny.com\/en\/#organization"},"potentialAction":[{"@type":"SearchAction","target":{"@type":"EntryPoint","urlTemplate":"https:\/\/www.abbayedereigny.com\/en\/?s={search_term_string}"},"query-input":{"@type":"PropertyValueSpecification","valueRequired":true,"valueName":"search_term_string"}}],"inLanguage":"en-US"},{"@type":"Organization","@id":"https:\/\/www.abbayedereigny.com\/en\/#organization","name":"Abbaye de Reigny - Mariage, Wedding, r\u00e9ception, s\u00e9minaire avec h\u00e9bergement en Bourgogne, Burgundy, France","url":"https:\/\/www.abbayedereigny.com\/en\/","logo":{"@type":"ImageObject","inLanguage":"en-US","@id":"https:\/\/www.abbayedereigny.com\/en\/#\/schema\/logo\/image\/","url":"https:\/\/www.abbayedereigny.com\/wp-content\/uploads\/2022\/03\/Abbaye-Reigny-blasontexte.png","contentUrl":"https:\/\/www.abbayedereigny.com\/wp-content\/uploads\/2022\/03\/Abbaye-Reigny-blasontexte.png","width":374,"height":150,"caption":"Abbaye de Reigny - Mariage, Wedding, r\u00e9ception, s\u00e9minaire avec h\u00e9bergement en Bourgogne, Burgundy, France"},"image":{"@id":"https:\/\/www.abbayedereigny.com\/en\/#\/schema\/logo\/image\/"},"sameAs":["https:\/\/www.facebook.com\/abbaye.dereigny","https:\/\/x.com\/AbbayeDeReigny"]}]}},"jetpack_sharing_enabled":true,"_links":{"self":[{"href":"https:\/\/www.abbayedereigny.com\/en\/wp-json\/wp\/v2\/pages\/2218","targetHints":{"allow":["GET"]}}],"collection":[{"href":"https:\/\/www.abbayedereigny.com\/en\/wp-json\/wp\/v2\/pages"}],"about":[{"href":"https:\/\/www.abbayedereigny.com\/en\/wp-json\/wp\/v2\/types\/page"}],"author":[{"embeddable":true,"href":"https:\/\/www.abbayedereigny.com\/en\/wp-json\/wp\/v2\/users\/3"}],"replies":[{"embeddable":true,"href":"https:\/\/www.abbayedereigny.com\/en\/wp-json\/wp\/v2\/comments?post=2218"}],"version-history":[{"count":29,"href":"https:\/\/www.abbayedereigny.com\/en\/wp-json\/wp\/v2\/pages\/2218\/revisions"}],"predecessor-version":[{"id":3905,"href":"https:\/\/www.abbayedereigny.com\/en\/wp-json\/wp\/v2\/pages\/2218\/revisions\/3905"}],"wp:attachment":[{"href":"https:\/\/www.abbayedereigny.com\/en\/wp-json\/wp\/v2\/media?parent=2218"}],"curies":[{"name":"wp","href":"https:\/\/api.w.org\/{rel}","templated":true}]}}